{"id":1242,"date":"2023-03-22T15:35:33","date_gmt":"2023-03-22T14:35:33","guid":{"rendered":"https:\/\/leafact.com\/?page_id=1242"},"modified":"2023-04-20T09:28:04","modified_gmt":"2023-04-20T07:28:04","slug":"cookie-policy","status":"publish","type":"page","link":"https:\/\/leafact.com\/en\/cookie-policy\/","title":{"rendered":"Cookie Policy"},"content":{"rendered":"<div data-elementor-type=\"wp-page\" data-elementor-id=\"1242\" class=\"elementor elementor-1242\" data-elementor-post-type=\"page\">\n\t\t\t\t<div class=\"elementor-element elementor-element-5738b44 e-flex e-con-boxed e-con e-parent\" data-id=\"5738b44\" data-element_type=\"container\" data-e-type=\"container\">\n\t\t\t\t\t<div class=\"e-con-inner\">\n\t\t\t\t<div class=\"elementor-element elementor-element-3eb68e0 elementor-widget elementor-widget-text-editor\" data-id=\"3eb68e0\" data-element_type=\"widget\" data-e-type=\"widget\" data-widget_type=\"text-editor.default\">\n\t\t\t\t<div class=\"elementor-widget-container\">\n\t\t\t\t\t\t\t\t\t<p><i>Diese Cookie-Richtlinie wurde zuletzt am 22. M\u00e4rz 2023 aktualisiert und gilt f\u00fcr B\u00fcrger und Einwohner mit st\u00e4ndigem Wohnsitz im Europ\u00e4ischen Wirtschaftsraum und der Schweiz<\/i><\/p><h2>1. Einf\u00fchrung<\/h2><p>Unsere Website, <a href=\"https:\/\/quandes.com\/\">https:\/\/leafact.com<\/a> (im folgenden: &#8222;Die Website&#8220;) verwendet Cookies und \u00e4hnliche Technologien (der Einfachheit halber werden all diese unter &#8222;Cookies&#8220; zusammengefasst). Cookies werden au\u00dferdem von uns beauftragten Drittparteien platziert. In dem unten stehendem Dokument informieren wir dich \u00fcber die Verwendung von Cookies auf unserer Website.<\/p><h2><span id=\"2_Was_sind_Cookies\" class=\"ez-toc-section\"><\/span>2. Was sind Cookies?<\/h2><p>Ein Cookie ist eine einfache kleine Datei, die gemeinsam mit den Seiten einer Internetadresse versendet und vom Webbrowser auf dem PC oder einem anderen Ger\u00e4t gespeichert werden kann. Die darin gespeicherten Informationen k\u00f6nnen w\u00e4hrend folgender Besuche zu unseren oder den Servern relevanter Drittanbieter gesendet werden.<\/p><h2><span id=\"3_Was_sind_Skripte\" class=\"ez-toc-section\"><\/span>3. Was sind Skripte?<\/h2><p>Ein Script ist ein St\u00fcck Programmcode, das benutzt wird, um unserer Website Funktionalit\u00e4t und Interaktivit\u00e4t zu erm\u00f6glichen. Dieser Code wird auf unseren Servern oder auf deinem Ger\u00e4t ausgef\u00fchrt.<\/p><h2><span id=\"4_Was_ist_ein_Web_Beacon\" class=\"ez-toc-section\"><\/span>4. Was ist ein Web Beacon?<\/h2><p>Ein Web-Beacon (auch Pixel-Tag genannt), ist ein kleines unsichtbares Textfragment oder Bild auf einer Website, das benutzt wird, um den Verkehr auf der Website zu \u00fcberwachen. Um dies zu erm\u00f6glichen werden diverse Daten von dir mittels Web-Beacons gespeichert.<\/p><h2><span id=\"5_Cookies\" class=\"ez-toc-section\"><\/span>5. Cookies<\/h2><p class=\"cmplz-subtitle\">5.1 Technische oder funktionelle Cookies<\/p><p>Einige Cookies stellen sicher, dass Teile unserer Website richtig funktionieren und deine Nutzervorlieben bekannt bleiben. Durch das Platzieren funktionaler Cookies machen wir es dir einfacher unsere Website zu besuchen. Auf diese Weise musst du bei Besuchen unserer Website nicht wiederholt die gleichen Informationen eingeben, oder deine Gegenst\u00e4nde bleiben beispielsweise in deinem Warenkorb bis du bezahlst. Wir k\u00f6nnen diese Cookies ohne dein Einverst\u00e4ndnis platzieren.<\/p><p class=\"cmplz-subtitle\">5.2 Marketing- \/ Tracking-Cookies<\/p><p>Marketing- \/ Tracking-Cookies sind Cookies oder eine andere Form der lokalen Speicherung, die zur Erstellung von Benutzerprofilen verwendet werden, um Werbung anzuzeigen oder den Benutzer auf dieser Website oder \u00fcber mehrere Websites hinweg f\u00fcr \u00e4hnliche Marketingzwecke zu verfolgen.<\/p><h2>6. Platzierte Cookies<\/h2><p>Wir verwenden Elementor f\u00fcr Inhaltserstellung. <a href=\"https:\/\/cookiedatabase.org\/service\/elementor\/\" target=\"_blank\" rel=\"noopener noreferrer nofollow\">Mehr lesen<\/a><\/p><p>Diese Daten werden nicht an Dritte weitergegeben.<\/p><p>Funktion: Speichere durchgef\u00fchrte Aktionen der Benutzer auf der Website<\/p><p>Wir verwenden PHP f\u00fcr Website-Entwicklung. <a href=\"https:\/\/cookiedatabase.org\/service\/php\/\" target=\"_blank\" rel=\"noopener noreferrer nofollow\">Mehr lesen<\/a><\/p><p>Diese Daten werden nicht an Dritte weitergegeben.<\/p><p>Funktion: Stelle Funktionen quer \u00fcber Seiten bereit<\/p><p>Wir verwenden Google Fonts f\u00fcr unsere Schriftart.<\/p><p>Google Fonts ist ein Dienst, der Schriftarten, die nicht auf dem Client-Ger\u00e4t des Nutzers installiert sind, herunterl\u00e4dt und in die Website einbettet. Auf dem Client des Nutzers werden keine Cookies im technischen Sinne gesetzt, jedoch werden technische und personenbezogene Daten wie die IP-Adresse vom Client an den Server des Dienstanbieters \u00fcbermittelt, um die Nutzung des Dienstes zu erm\u00f6glichen.<\/p><p>Wir verwenden WordPress Emoji f\u00fcr Emojis.<\/p><p>WordPress Emoji ist ein Emoji-Set, das von wordpress.org geladen wird. Auf dem Client des Nutzers werden keine Cookies im technischen Sinne gesetzt, jedoch werden technische und personenbezogene Daten wie die IP-Adresse vom Client an den Server des Dienstanbieters \u00fcbermittelt, um die Nutzung des Dienstes zu erm\u00f6glichen.<\/p><h2>7. Zustimmung<\/h2><p>Wenn du unsere Website das erste Mal besuchst, zeigen wir dir ein Pop-Up mit einer Erkl\u00e4rung \u00fcber Cookies. Sobald du auf \u201eEinstellungen speichern\u201c klickst, gibst du uns dein Einverst\u00e4ndnis, alle von dir gew\u00e4hlten Kategorien von Cookies und Plugins wie in dieser Cookie-Erkl\u00e4rung beschrieben zu verwenden. Du kannst die Verwendung von Cookies \u00fcber deinen Browser deaktivieren, aber bitte beachte, dass unsere Website dann unter Umst\u00e4nden nicht richtig funktioniert.<\/p><p>Funktional: Die technische Speicherung oder der Zugang ist unbedingt erforderlich f\u00fcr den rechtm\u00e4\u00dfigen Zweck, die Nutzung eines bestimmten Dienstes zu erm\u00f6glichen, der vom Teilnehmer oder Nutzer ausdr\u00fccklich gew\u00fcnscht wird, oder f\u00fcr den alleinigen Zweck, die \u00dcbertragung einer Nachricht \u00fcber ein elektronisches Kommunikationsnetz durchzuf\u00fchren.<\/p><p>Marketing: Die technische Speicherung oder der Zugriff ist erforderlich, um Nutzerprofile zu erstellen, um Werbung zu versenden oder um den Nutzer auf einer Website oder \u00fcber mehrere Websites hinweg zu \u00e4hnlichen Marketingzwecken zu verfolgen.<\/p><h2>8. Aktivierung\/Deaktivierung und L\u00f6schen von Cookies<\/h2><p>Du kannst deinen Internetbrowser verwenden um automatisch oder manuell Cookies zu l\u00f6schen. Du kannst au\u00dferdem spezifizieren ob spezielle Cookies nicht platziert werden sollen. Eine andere M\u00f6glichkeit ist es deinen Internetbrowser derart einzurichten, dass du jedes Mal benachrichtigt wirst, wenn ein Cookie platziert wird. F\u00fcr weitere Information \u00fcber diese M\u00f6glichkeiten beachte die Anweisungen in der Hilfesektion deines Browsers.<\/p><p>Bitte nimm zur Kentniss, dass unsere Website m\u00f6glicherweise nicht richtig funktioniert wenn alle Cookies deaktiviert sind. Wenn du die Cookies in deinem Browser l\u00f6scht, werden diese neuplatziert wenn du unsere Website erneut besuchst.<\/p><h2><span id=\"9_Deine_Rechte_in_Bezug_auf_persoenliche_Daten\" class=\"ez-toc-section\"><\/span>9. Deine Rechte in Bezug auf pers\u00f6nliche Daten<\/h2><p>Du hast in Bezug auf deine pers\u00f6nlichen Daten die folgenden Rechte:<\/p><ul><li>Du hast das Recht zu wissen, warum deine pers\u00f6nlichen Daten gebraucht werden, was mit ihnen passiert und wie lange diese verwahrt werden.<\/li><li>Zugriffsrecht: Du hast das Recht deine uns bekannten pers\u00f6nliche Daten einzusehen.<\/li><li>Recht auf Berichtigung: Du hast das Recht wann immer du w\u00fcnscht, deine pers\u00f6nlichen Daten zu erg\u00e4nzen, zu korrigieren sowie gel\u00f6scht oder blockiert zu bekommen.<\/li><li>Wenn du uns dein Einverst\u00e4ndnis zur Verarbeitung deiner Daten gegeben hast, hast du das Recht dieses Einverst\u00e4ndnis zu widerrufen und deine pers\u00f6nlichen Daten l\u00f6schen zu lassen.<\/li><li>Recht auf Datentransfer deiner Daten: Du hast das Recht, alle deine pers\u00f6nlichen Daten von einem Kontrolleur anzufordern und in ihrer Gesamtheit zu einem anderen Kontrolleur zu transferieren.<\/li><li>Widerspruchsrecht: Du kannst der Verarbeitung deiner Daten widersprechen. Wir entsprechen dem, es sei denn es gibt berechtigte Gr\u00fcnde f\u00fcr die Verarbeitung.<\/li><\/ul><p>Um diese Rechte auszu\u00fcben kontaktiere uns bitte. Bitte beziehe dich auf die Kontaktdaten am Ende dieser Cookie-Erkl\u00e4rung. Wenn du eine Beschwerde dar\u00fcber hast, wie wir deine Daten behandeln, w\u00fcrden wir diese gerne h\u00f6ren, aber du hast auch das Recht diese an die Aufsichtsbeh\u00f6rde (der Datenschutzbeh\u00f6rde) zu richten.<\/p><h2><span id=\"10_Kontaktdaten\" class=\"ez-toc-section\"><\/span>10. Kontaktdaten<\/h2><p>F\u00fcr Fragen und\/oder Kommentare \u00fcber unsere Cookie-Richtlinien und diese Aussage kontaktiere uns bitte mittels der folgenden Kontaktdaten:<\/p><p><span class=\"cmplz-contact-organisation\">Leafact GmbH<\/span><br \/><span class=\"cmplz-contact-address\">Auenstr. 21a<br \/>80469 M\u00fcnchen<\/span><br \/><span class=\"cmplz-contact-country\">Deutschland<\/span><br \/>Website: <span class=\"cmplz-contact-domain\"><a href=\"https:\/\/quandes.com\/\">https:\/\/leafact.com<\/a><\/span><br \/>E-Mail: <span class=\"cmplz-contact-email\"><span class=\"cmplz-obfuscate\">david@leafact.com<\/span><\/span><\/p>\t\t\t\t\t\t\t\t<\/div>\n\t\t\t\t<\/div>\n\t\t\t\t\t<\/div>\n\t\t\t\t<\/div>\n\t\t\t\t<\/div>","protected":false},"excerpt":{"rendered":"<p>Diese Cookie-Richtlinie wurde zuletzt am 22. M\u00e4rz 2023 aktualisiert und gilt f\u00fcr B\u00fcrger und Einwohner mit st\u00e4ndigem Wohnsitz im Europ\u00e4ischen Wirtschaftsraum und der Schweiz 1. Einf\u00fchrung Unsere Website, https:\/\/leafact.com (im folgenden: &#8222;Die Website&#8220;) verwendet Cookies und \u00e4hnliche Technologien (der Einfachheit halber werden all diese unter &#8222;Cookies&#8220; zusammengefasst). Cookies werden au\u00dferdem von uns beauftragten Drittparteien platziert. &#8230; <a title=\"Cookie Policy\" class=\"read-more\" href=\"https:\/\/leafact.com\/en\/cookie-policy\/\" aria-label=\"More on Cookie Policy\">Read more<\/a><\/p>","protected":false},"author":2,"featured_media":0,"parent":0,"menu_order":0,"comment_status":"closed","ping_status":"closed","template":"","meta":{"footnotes":""},"categories":[],"tags":[],"class_list":["post-1242","page","type-page","status-publish"],"yoast_head":"<!-- This site is optimized with the Yoast SEO plugin v27.5 - https:\/\/yoast.com\/product\/yoast-seo-wordpress\/ -->\n<title>Cookie Policy - Leafact<\/title>\n<meta name=\"robots\" content=\"index, follow, max-snippet:-1, max-image-preview:large, max-video-preview:-1\" \/>\n<link rel=\"canonical\" href=\"https:\/\/leafact.com\/en\/cookie-policy\/\" \/>\n<meta property=\"og:locale\" content=\"en_US\" \/>\n<meta property=\"og:type\" content=\"article\" \/>\n<meta property=\"og:title\" content=\"Cookie Policy - Leafact\" \/>\n<meta property=\"og:description\" content=\"Diese Cookie-Richtlinie wurde zuletzt am 22. M\u00e4rz 2023 aktualisiert und gilt f\u00fcr B\u00fcrger und Einwohner mit st\u00e4ndigem Wohnsitz im Europ\u00e4ischen Wirtschaftsraum und der Schweiz 1. Einf\u00fchrung Unsere Website, https:\/\/leafact.com (im folgenden: &#8222;Die Website&#8220;) verwendet Cookies und \u00e4hnliche Technologien (der Einfachheit halber werden all diese unter &#8222;Cookies&#8220; zusammengefasst). Cookies werden au\u00dferdem von uns beauftragten Drittparteien platziert. ... Read more\" \/>\n<meta property=\"og:url\" content=\"https:\/\/leafact.com\/en\/cookie-policy\/\" \/>\n<meta property=\"og:site_name\" content=\"Leafact\" \/>\n<meta property=\"article:modified_time\" content=\"2023-04-20T07:28:04+00:00\" \/>\n<meta name=\"twitter:card\" content=\"summary_large_image\" \/>\n<meta name=\"twitter:label1\" content=\"Est. reading time\" \/>\n\t<meta name=\"twitter:data1\" content=\"5 minutes\" \/>\n<script type=\"application\/ld+json\" class=\"yoast-schema-graph\">{\"@context\":\"https:\\\/\\\/schema.org\",\"@graph\":[{\"@type\":\"WebPage\",\"@id\":\"https:\\\/\\\/leafact.com\\\/cookie-policy\\\/\",\"url\":\"https:\\\/\\\/leafact.com\\\/cookie-policy\\\/\",\"name\":\"Cookie Policy - Leafact\",\"isPartOf\":{\"@id\":\"https:\\\/\\\/leafact.com\\\/#website\"},\"datePublished\":\"2023-03-22T14:35:33+00:00\",\"dateModified\":\"2023-04-20T07:28:04+00:00\",\"breadcrumb\":{\"@id\":\"https:\\\/\\\/leafact.com\\\/cookie-policy\\\/#breadcrumb\"},\"inLanguage\":\"en-US\",\"potentialAction\":[{\"@type\":\"ReadAction\",\"target\":[\"https:\\\/\\\/leafact.com\\\/cookie-policy\\\/\"]}]},{\"@type\":\"BreadcrumbList\",\"@id\":\"https:\\\/\\\/leafact.com\\\/cookie-policy\\\/#breadcrumb\",\"itemListElement\":[{\"@type\":\"ListItem\",\"position\":1,\"name\":\"Startseite\",\"item\":\"https:\\\/\\\/leafact.com\\\/\"},{\"@type\":\"ListItem\",\"position\":2,\"name\":\"Cookie Policy\"}]},{\"@type\":\"WebSite\",\"@id\":\"https:\\\/\\\/leafact.com\\\/#website\",\"url\":\"https:\\\/\\\/leafact.com\\\/\",\"name\":\"Leafact\",\"description\":\"\",\"publisher\":{\"@id\":\"https:\\\/\\\/leafact.com\\\/#organization\"},\"potentialAction\":[{\"@type\":\"SearchAction\",\"target\":{\"@type\":\"EntryPoint\",\"urlTemplate\":\"https:\\\/\\\/leafact.com\\\/?s={search_term_string}\"},\"query-input\":{\"@type\":\"PropertyValueSpecification\",\"valueRequired\":true,\"valueName\":\"search_term_string\"}}],\"inLanguage\":\"en-US\"},{\"@type\":\"Organization\",\"@id\":\"https:\\\/\\\/leafact.com\\\/#organization\",\"name\":\"Leafact\",\"url\":\"https:\\\/\\\/leafact.com\\\/\",\"logo\":{\"@type\":\"ImageObject\",\"inLanguage\":\"en-US\",\"@id\":\"https:\\\/\\\/leafact.com\\\/#\\\/schema\\\/logo\\\/image\\\/\",\"url\":\"https:\\\/\\\/leafact.com\\\/wp-content\\\/uploads\\\/2023\\\/03\\\/Leafact-10.png\",\"contentUrl\":\"https:\\\/\\\/leafact.com\\\/wp-content\\\/uploads\\\/2023\\\/03\\\/Leafact-10.png\",\"width\":3088,\"height\":1305,\"caption\":\"Leafact\"},\"image\":{\"@id\":\"https:\\\/\\\/leafact.com\\\/#\\\/schema\\\/logo\\\/image\\\/\"},\"sameAs\":[\"https:\\\/\\\/www.linkedin.com\\\/company\\\/leafact\"]}]}<\/script>\n<!-- \/ Yoast SEO plugin. -->","yoast_head_json":{"title":"Cookie Policy - Leafact","robots":{"index":"index","follow":"follow","max-snippet":"max-snippet:-1","max-image-preview":"max-image-preview:large","max-video-preview":"max-video-preview:-1"},"canonical":"https:\/\/leafact.com\/en\/cookie-policy\/","og_locale":"en_US","og_type":"article","og_title":"Cookie Policy - Leafact","og_description":"Diese Cookie-Richtlinie wurde zuletzt am 22. M\u00e4rz 2023 aktualisiert und gilt f\u00fcr B\u00fcrger und Einwohner mit st\u00e4ndigem Wohnsitz im Europ\u00e4ischen Wirtschaftsraum und der Schweiz 1. Einf\u00fchrung Unsere Website, https:\/\/leafact.com (im folgenden: &#8222;Die Website&#8220;) verwendet Cookies und \u00e4hnliche Technologien (der Einfachheit halber werden all diese unter &#8222;Cookies&#8220; zusammengefasst). Cookies werden au\u00dferdem von uns beauftragten Drittparteien platziert. ... Read more","og_url":"https:\/\/leafact.com\/en\/cookie-policy\/","og_site_name":"Leafact","article_modified_time":"2023-04-20T07:28:04+00:00","twitter_card":"summary_large_image","twitter_misc":{"Est. reading time":"5 minutes"},"schema":{"@context":"https:\/\/schema.org","@graph":[{"@type":"WebPage","@id":"https:\/\/leafact.com\/cookie-policy\/","url":"https:\/\/leafact.com\/cookie-policy\/","name":"Cookie Policy - Leafact","isPartOf":{"@id":"https:\/\/leafact.com\/#website"},"datePublished":"2023-03-22T14:35:33+00:00","dateModified":"2023-04-20T07:28:04+00:00","breadcrumb":{"@id":"https:\/\/leafact.com\/cookie-policy\/#breadcrumb"},"inLanguage":"en-US","potentialAction":[{"@type":"ReadAction","target":["https:\/\/leafact.com\/cookie-policy\/"]}]},{"@type":"BreadcrumbList","@id":"https:\/\/leafact.com\/cookie-policy\/#breadcrumb","itemListElement":[{"@type":"ListItem","position":1,"name":"Startseite","item":"https:\/\/leafact.com\/"},{"@type":"ListItem","position":2,"name":"Cookie Policy"}]},{"@type":"WebSite","@id":"https:\/\/leafact.com\/#website","url":"https:\/\/leafact.com\/","name":"Leafact","description":"","publisher":{"@id":"https:\/\/leafact.com\/#organization"},"potentialAction":[{"@type":"SearchAction","target":{"@type":"EntryPoint","urlTemplate":"https:\/\/leafact.com\/?s={search_term_string}"},"query-input":{"@type":"PropertyValueSpecification","valueRequired":true,"valueName":"search_term_string"}}],"inLanguage":"en-US"},{"@type":"Organization","@id":"https:\/\/leafact.com\/#organization","name":"Leafact","url":"https:\/\/leafact.com\/","logo":{"@type":"ImageObject","inLanguage":"en-US","@id":"https:\/\/leafact.com\/#\/schema\/logo\/image\/","url":"https:\/\/leafact.com\/wp-content\/uploads\/2023\/03\/Leafact-10.png","contentUrl":"https:\/\/leafact.com\/wp-content\/uploads\/2023\/03\/Leafact-10.png","width":3088,"height":1305,"caption":"Leafact"},"image":{"@id":"https:\/\/leafact.com\/#\/schema\/logo\/image\/"},"sameAs":["https:\/\/www.linkedin.com\/company\/leafact"]}]}},"_links":{"self":[{"href":"https:\/\/leafact.com\/en\/wp-json\/wp\/v2\/pages\/1242","targetHints":{"allow":["GET"]}}],"collection":[{"href":"https:\/\/leafact.com\/en\/wp-json\/wp\/v2\/pages"}],"about":[{"href":"https:\/\/leafact.com\/en\/wp-json\/wp\/v2\/types\/page"}],"author":[{"embeddable":true,"href":"https:\/\/leafact.com\/en\/wp-json\/wp\/v2\/users\/2"}],"replies":[{"embeddable":true,"href":"https:\/\/leafact.com\/en\/wp-json\/wp\/v2\/comments?post=1242"}],"version-history":[{"count":12,"href":"https:\/\/leafact.com\/en\/wp-json\/wp\/v2\/pages\/1242\/revisions"}],"predecessor-version":[{"id":1316,"href":"https:\/\/leafact.com\/en\/wp-json\/wp\/v2\/pages\/1242\/revisions\/1316"}],"wp:attachment":[{"href":"https:\/\/leafact.com\/en\/wp-json\/wp\/v2\/media?parent=1242"}],"wp:term":[{"taxonomy":"category","embeddable":true,"href":"https:\/\/leafact.com\/en\/wp-json\/wp\/v2\/categories?post=1242"},{"taxonomy":"post_tag","embeddable":true,"href":"https:\/\/leafact.com\/en\/wp-json\/wp\/v2\/tags?post=1242"}],"curies":[{"name":"wp","href":"https:\/\/api.w.org\/{rel}","templated":true}]}}